{"id":16,"date":"2024-07-15T23:14:24","date_gmt":"2024-07-15T21:14:24","guid":{"rendered":"https:\/\/mariepia.be\/?page_id=16"},"modified":"2024-09-23T12:16:42","modified_gmt":"2024-09-23T10:16:42","slug":"16-2","status":"publish","type":"page","link":"https:\/\/mariepia.be\/","title":{"rendered":"Marie Pia de Noronha de Paiva"},"content":{"rendered":"<p>[et_pb_section fb_built=&#8221;1&#8243; _builder_version=&#8221;4.25.2&#8243; _module_preset=&#8221;default&#8221; custom_padding=&#8221;49px|||||&#8221; global_colors_info=&#8221;{}&#8221;][et_pb_row _builder_version=&#8221;4.25.2&#8243; _module_preset=&#8221;default&#8221; global_colors_info=&#8221;{}&#8221;][et_pb_column type=&#8221;4_4&#8243; _builder_version=&#8221;4.25.2&#8243; _module_preset=&#8221;default&#8221; global_colors_info=&#8221;{}&#8221;][et_pb_text _builder_version=&#8221;4.25.2&#8243; _module_preset=&#8221;default&#8221; text_font=&#8221;Abel||||||||&#8221; text_text_color=&#8221;#0C71C3&#8243; text_font_size=&#8221;58px&#8221; background_color=&#8221;RGBA(255,255,255,0)&#8221; module_alignment=&#8221;center&#8221; border_width_all=&#8221;0px&#8221; global_colors_info=&#8221;{}&#8221;]<\/p>\n<p style=\"text-align: center;\">Marie Pia de Noronha de Paiva &#8211; Cuylits<\/p>\n<p>[\/et_pb_text][\/et_pb_column][\/et_pb_row][et_pb_row _builder_version=&#8221;4.25.2&#8243; _module_preset=&#8221;default&#8221; global_colors_info=&#8221;{}&#8221;][et_pb_column type=&#8221;4_4&#8243; _builder_version=&#8221;4.25.2&#8243; _module_preset=&#8221;default&#8221; global_colors_info=&#8221;{}&#8221;][et_pb_team_member position=&#8221;Candidate n\u00b09 \u00e9lection 2024&#8243; image_url=&#8221;http:\/\/mariepia.be\/wp-content\/uploads\/2024\/08\/09_Marie-Pia-de-Noronha-de-Paiva-Cuylits-1.jpg&#8221; icon_color=&#8221;#0C71C3&#8243; use_icon_font_size=&#8221;on&#8221; icon_font_size=&#8221;35px&#8221; _builder_version=&#8221;4.25.2&#8243; _module_preset=&#8221;default&#8221; header_font_size=&#8221;46px&#8221; header_line_height=&#8221;2.4em&#8221; body_text_color=&#8221;#0C71C3&#8243; body_font_size=&#8221;33px&#8221; body_line_height=&#8221;1.3em&#8221; position_font=&#8221;||||on||||&#8221; position_text_color=&#8221;#0dd89f&#8221; position_font_size=&#8221;45px&#8221; text_orientation=&#8221;center&#8221; min_height=&#8221;479px&#8221; animation_style=&#8221;slide&#8221; border_width_all_image=&#8221;3px&#8221; border_color_all_image=&#8221;#0C71C3&#8243; global_colors_info=&#8221;{}&#8221;]<\/p>\n<p>&nbsp;<\/p>\n<p>Je suis anim\u00e9e d&#8217;une profonde envie de faire mon maximum pour l&#8217;int\u00e9r\u00eat de tous!<\/p>\n<p>Le 13 octobre, votez le 9!<\/p>\n<p>Mais aussi pour votre \u00e9quipe id\u00e9ale sur la liste du MR de Lasne !<\/p>\n<p>C&#8217;est ensemble que l&#8217;on va plus loin!<\/p>\n<p>[\/et_pb_team_member][et_pb_text _builder_version=&#8221;4.25.2&#8243; _module_preset=&#8221;default&#8221; text_font_size=&#8221;25px&#8221; global_colors_info=&#8221;{}&#8221;]<\/p>\n<p>Je m&#8217;appelle Marie Pia de Noronha de Paiva Couceiro, mais tout le monde m&#8217;appelle &#8220;Pia&#8221;!<\/p>\n<p>J&#8217;ai eu 45 ans.<\/p>\n<p>J&#8217;habite \u00e0 Lasne depuis ma naissance. Une grande partie de ma famille habite \u00e0 Lasne \u00e9galement.<\/p>\n<p>Je suis mari\u00e9e \u00e0 Nicolas Cuylits depuis 18 ans et \u00a0maman de quatre gar\u00e7ons: Alexandre (16), S\u00e9bastien (14), Martin (12) et Louis (9).<\/p>\n<p>Mes enfants ont tous \u00e9t\u00e9 scolaris\u00e9s \u00e0 l&#8217;\u00e9cole communale de Plancenoit.<\/p>\n<p>Au fil du temps, je me suis de plus en plus investie dans la vie de l&#8217;\u00e9cole ! J&#8217;ai commenc\u00e9 par \u00eatre une petite main, une aide ponctuelle jusqu&#8217;\u00e0 occuper le poste de pr\u00e9sidente de l&#8217;ASBL pendant quatre ans!<\/p>\n<p>10 ans de collaboration avec la direction, la commune et les parents de l&#8217;\u00e9cole.<\/p>\n<p>J&#8217;ai ador\u00e9 ce travail d&#8217;\u00e9quipe, cette interaction entre les gens. J&#8217;aime \u00eatre au coeur de l&#8217;action, avoir un r\u00f4le actif dans mon environnement.<\/p>\n<p>Je laisse donc la place \u00e0 la rel\u00e8ve cette ann\u00e9e 2024 n&#8217;ayant plus qu&#8217;un enfant \u00e0 l&#8217;\u00e9cole. La nouvelle \u00e9quipe est pr\u00eate \u00e0 assurer le relais!<\/p>\n<p>Je me donne de nouveaux objectifs cette ann\u00e9e!\u00a0<\/p>\n<p>Faire partie de l&#8217;\u00e9quipe communale!<\/p>\n<p>Comme pour tout ce qui me tient \u00e0 coeur, je veux m&#8217;investir \u00e0 100%!<\/p>\n<p>J&#8217;aime mon village et je voudrais avoir un r\u00f4le actif dans la vie de notre belle commune.<\/p>\n<p>Je voudrais \u00eatre actrice du changement, de la nouveaut\u00e9 et de la continuit\u00e9 des beaux projets pour notre village!<\/p>\n<p>J&#8217;aime \u00eatre en interaction aves les habitants, partager des id\u00e9es et d\u00e9velopper des projets communs!<\/p>\n<p>Le 13 octobre, j&#8217;aurais besoin de votre soutien !<\/p>\n<p>Chaque vote est important, votez pour votre \u00e9quipe id\u00e9ale!<\/p>\n<p>&nbsp;<\/p>\n<p>&nbsp;<\/p>\n<p>[\/et_pb_text][et_pb_text _builder_version=&#8221;4.25.2&#8243; _module_preset=&#8221;default&#8221; text_font_size=&#8221;28px&#8221; text_line_height=&#8221;1.9em&#8221; width=&#8221;100%&#8221; module_alignment=&#8221;left&#8221; custom_margin=&#8221;||||false|false&#8221; custom_padding=&#8221;|0px||29px|false|false&#8221; border_width_all=&#8221;10px&#8221; border_color_all=&#8221;#0C71C3&#8243; border_style_all=&#8221;dotted&#8221; global_colors_info=&#8221;{}&#8221;]<\/p>\n<p><span style=\"text-decoration: underline;\"><\/span><\/p>\n<p><span style=\"text-decoration: underline;\">Ma formation et mon parcours professionnel :<\/span><br \/>1985-1997: primaires et secondaires au CCM<br \/>1997-2001: licenci\u00e9e en kin\u00e9sith\u00e9rapie \u00e0 l&#8217;UCL<br \/>2001-2002 : gestion en sciences hospitali\u00e8res \u00e0 l&#8217;UCL (cursus pas termin\u00e9)<br \/>2002-2004: dipl\u00f4me compl\u00e9mentaire en gestion \u00e0 l&#8217;ICHEC<\/p>\n<p>2005-2009: Femme-M\u00e8re au foyer<br \/>2009-2010 : kin\u00e9sith\u00e9rapeute avec un statut d&#8217;ind\u00e9pendante<br \/>2010-2019: M\u00e8re au foyer et participante active dans l&#8217;association des parents de l&#8217;\u00e9cole de Plancenoit<br \/>2019-2023: pr\u00e9sidente de l&#8217;APEP ASBL (amicale des parents de l&#8217;\u00e9cole de Plancenoit)<br \/>2023 : statut d&#8217;ind\u00e9pendante et associ\u00e9e de mon mari chirurgien dans sa soci\u00e9t\u00e9.<\/p>\n<p>[\/et_pb_text][et_pb_text _builder_version=&#8221;4.25.2&#8243; _module_preset=&#8221;default&#8221; text_font_size=&#8221;30px&#8221; custom_margin=&#8221;104px||133px|||&#8221; global_colors_info=&#8221;{}&#8221;]<\/p>\n<p><span style=\"text-decoration: underline;\"><strong>Mes objectifs:<\/strong><\/span><\/p>\n<p>Je voudrais avoir une participation active dans la vie de mon village.<\/p>\n<p>Pouvoir d\u00e9velopper des projets pour l&#8217;int\u00e9r\u00eat de la communaut\u00e9.<\/p>\n<p>Collaborer avec une \u00e9quipe motiv\u00e9e afin d&#8217;am\u00e9liorer le quotidien des tous les Lasnois.<\/p>\n<p>Participer \u00e0 la gestion journali\u00e8re de ma commune.<\/p>\n<p>Prot\u00e9ger cet environnement qui m&#8217;\u00e9merveille chaque jour!<\/p>\n<p>Entendre les inqui\u00e9tudes et les demandes de mes concitoyens et tenter d&#8217;y r\u00e9pondre.<\/p>\n<p>Cr\u00e9er des espaces d&#8217;\u00e9changes et d&#8217;interactions entre les g\u00e9n\u00e9rations.<\/p>\n<p>En r\u00e9sum\u00e9, me mobiliser pour mon village!<\/p>\n<p>[\/et_pb_text][et_pb_cta title=&#8221;Notre programme pour les \u00e9lections 2024&#8243; button_url=&#8221;http:\/\/mrlasne.be&#8221; button_text=&#8221;MR LASNE&#8221; _builder_version=&#8221;4.25.2&#8243; _module_preset=&#8221;default&#8221; min_height=&#8221;146px&#8221; global_colors_info=&#8221;{}&#8221;][\/et_pb_cta][et_pb_image src=&#8221;http:\/\/mariepia.be\/wp-content\/uploads\/2024\/08\/JZ1_1175-photo-du-groupe-1-scaled.jpg&#8221; title_text=&#8221;WWW.triptyque.be  0497 530 630&#8243; _builder_version=&#8221;4.25.2&#8243; _module_preset=&#8221;default&#8221; global_colors_info=&#8221;{}&#8221;][\/et_pb_image][et_pb_countdown_timer title=&#8221;On vote pour notre commune dans&#8221; date_time=&#8221;2024-10-13 00:30&#8243; _builder_version=&#8221;4.25.2&#8243; _module_preset=&#8221;default&#8221; global_colors_info=&#8221;{}&#8221;][\/et_pb_countdown_timer][et_pb_text _builder_version=&#8221;4.25.2&#8243; _dynamic_attributes=&#8221;link_option_url&#8221; _module_preset=&#8221;default&#8221; text_font_size=&#8221;26px&#8221; link_option_url=&#8221;@ET-DC@eyJkeW5hbWljIjp0cnVlLCJjb250ZW50IjoicG9zdF9saW5rX3VybF9wYWdlIiwic2V0dGluZ3MiOnsicG9zdF9pZCI6IjY0In19@&#8221; global_colors_info=&#8221;{}&#8221;]<\/p>\n<p style=\"text-align: center;\">Mentions l\u00e9gales<\/p>\n<p>[\/et_pb_text][et_pb_text _builder_version=&#8221;4.25.2&#8243; _dynamic_attributes=&#8221;link_option_url&#8221; _module_preset=&#8221;default&#8221; text_font_size=&#8221;26px&#8221; link_option_url=&#8221;@ET-DC@eyJkeW5hbWljIjp0cnVlLCJjb250ZW50IjoicG9zdF9saW5rX3VybF9wYWdlIiwic2V0dGluZ3MiOnsicG9zdF9pZCI6IjY0In19@&#8221; global_colors_info=&#8221;{}&#8221;]<\/p>\n<p style=\"text-align: center;\">\u00a9 Marie Pia de Noronha<\/p>\n<p>[\/et_pb_text][\/et_pb_column][\/et_pb_row][\/et_pb_section]<\/p>\n","protected":false},"excerpt":{"rendered":"<p>Marie Pia de Noronha de Paiva &#8211; Cuylits&nbsp; Je suis anim\u00e9e d&#8217;une profonde envie de faire mon maximum pour l&#8217;int\u00e9r\u00eat de tous! Le 13 octobre, votez le 9! Mais aussi pour votre \u00e9quipe id\u00e9ale sur la liste du MR de Lasne ! C&#8217;est ensemble que l&#8217;on va plus loin!Je m&#8217;appelle Marie Pia de Noronha de [&hellip;]<\/p>\n","protected":false},"author":1,"featured_media":0,"parent":0,"menu_order":0,"comment_status":"closed","ping_status":"closed","template":"","meta":{"_et_pb_use_builder":"on","_et_pb_old_content":"","_et_gb_content_width":"","footnotes":""},"class_list":["post-16","page","type-page","status-publish","hentry"],"_links":{"self":[{"href":"https:\/\/mariepia.be\/index.php\/wp-json\/wp\/v2\/pages\/16","targetHints":{"allow":["GET"]}}],"collection":[{"href":"https:\/\/mariepia.be\/index.php\/wp-json\/wp\/v2\/pages"}],"about":[{"href":"https:\/\/mariepia.be\/index.php\/wp-json\/wp\/v2\/types\/page"}],"author":[{"embeddable":true,"href":"https:\/\/mariepia.be\/index.php\/wp-json\/wp\/v2\/users\/1"}],"replies":[{"embeddable":true,"href":"https:\/\/mariepia.be\/index.php\/wp-json\/wp\/v2\/comments?post=16"}],"version-history":[{"count":17,"href":"https:\/\/mariepia.be\/index.php\/wp-json\/wp\/v2\/pages\/16\/revisions"}],"predecessor-version":[{"id":94,"href":"https:\/\/mariepia.be\/index.php\/wp-json\/wp\/v2\/pages\/16\/revisions\/94"}],"wp:attachment":[{"href":"https:\/\/mariepia.be\/index.php\/wp-json\/wp\/v2\/media?parent=16"}],"curies":[{"name":"wp","href":"https:\/\/api.w.org\/{rel}","templated":true}]}}